{"id":40,"date":"2023-02-28T22:27:01","date_gmt":"2023-02-28T21:27:01","guid":{"rendered":"https:\/\/www.balancepunkte.de\/shop\/?post_type=product&#038;p=40"},"modified":"2023-04-01T15:12:12","modified_gmt":"2023-04-01T13:12:12","slug":"zeit-und-selbstmanagement","status":"publish","type":"product","link":"https:\/\/www.balancepunkte.de\/shop\/produkt\/zeit-und-selbstmanagement\/","title":{"rendered":"Online-Seminar<br> Zeit- und Selbstmanagement"},"content":{"rendered":"","protected":false},"excerpt":{"rendered":"<p>Wir alle tr\u00e4umen von einem selbstbestimmten Leben. Erf\u00fcllt soll es sein, einen Sinn haben. Wir wollen das Beste aus unserer Zeit herausholen und auch Zeiten haben f\u00fcr Genuss und Faulenzertum. Und wovon \u2013 glaubst du \u2013 h\u00e4ngt es ab: Von unserem Umfeld, von den Umst\u00e4nden oder von deiner Entscheidung und deiner Interpretation von Situationen?<\/p>\n<div class=\"textmobilfadeintrigger01\">&gt; MEHR ZU DEN INHALTEN ERFAHREN<\/div>\n<div class=\"textmobilfadein01\">\n<p>Ich mag dich einladen, deinen Umgang mit deiner Zeit zu reflektieren. Wer lebt wen? Der Alltag dich oder du dein Leben? Finde heraus, wie du deine vielen Aufgaben managed und dabei immer noch Zeit und Mu\u00dfe findest f\u00fcr die Dinge und Menschen in deinem Leben, die dieses lebenswert machen. Es ist an der Zeit, dass du \u00fcber deine Zeit bestimmst!<\/p>\n<p>Das geht nicht, sagst du? Weil du angestellt bist, Kinder hast, dich um deine Eltern k\u00fcmmerst und \u00fcberhaupt die Anderen deinen Tag bestimmen? Dann wird es Zeit, dass du Hand anlegst an deine Lebensplanung. Bitte verstehe mich richtig, dass hei\u00dft nicht, dass du nun jemanden im Stich l\u00e4sst \u2013 im Gegenteil. Vor allem aber darfst du ebenfalls in deinem Leben vorkommen!<\/p>\n<p>Du denkst, Zeitmanagement ist nur etwas f\u00fcr F\u00fchrungskr\u00e4fte? Das sehe ich anders: was macht denn eine F\u00fchrungskraft aus? \u2013 Dass sie Personen anleitet, ihnen einen Rahmen gibt, Entscheidungen trifft \u2026 Und: machst du das nicht auch jeden einzelnen Tag? Entscheidest du nicht auch, ob und wof\u00fcr du deine Zeit und deine Ressourcen einsetzt? H\u00e4ufig denken wir, wir k\u00f6nnen ja nicht anders, weil die Situation eben so ist. Aber nein, du kannst und sollst sogar entscheiden, wie du deine Aufgaben priorisierst, sortierst, erledigst oder delegierst.<br \/>\nUnd das gilt doch f\u00fcr alle Lebensbereiche: nat\u00fcrlich im Job, aber auch im Haushalt, in der Sportgruppe oder bei der Wochenendplanung.<br \/>\nSchau mal rein und lerne, deine Lebenszeit nach deinen Werten zu gestalten!<br \/>\nEs lohnt sich\u2026<\/p>\n<\/div>\n<p><a class=\"vorschauvideo\">Vorschau-Video:<\/a><br \/>\n\r\n    <div>\r\n    <video preload=\"none\" id=\"plyr69e1795746873\" data-poster=\"\/shop\/wp-content\/uploads\/2023\/03\/S01_poster_01.jpg\" controls class=\"easy-video-player\">\r\n       <source src=\"\/shop\/wp-content\/uploads\/2023\/03\/S01_Teaser.mp4\" type=\"video\/mp4\" \/>\r\n    <\/video>\r\n    <\/div>    <script>\r\n        const evplayerplyr69e1795746873 = new Plyr(document.getElementById('plyr69e1795746873'));\r\n        evplayerplyr69e1795746873.ratio = '16:9';\r\n        evplayerplyr69e1795746873.iconUrl = 'https:\/\/www.balancepunkte.de\/shop\/wp-content\/plugins\/easy-video-player\/lib\/plyr.svg';\r\n        evplayerplyr69e1795746873.blankVideo = 'https:\/\/www.balancepunkte.de\/shop\/wp-content\/plugins\/easy-video-player\/lib\/blank.mp4';\r\n    <\/script><\/p>\n<div class=\"zusatzinfoproduktseite\">Die Seminarinhalte werden \u00fcber einzelne Videos und den dazugeh\u00f6rigen PDF-Dateien vermittelt.<br \/>\nDie Zugangsdaten erh\u00e4lst Du nach dem Kauf bequem per E-Mail (Kostenloser Versand).<\/div>\n","protected":false},"featured_media":64,"template":"","meta":[],"product_brand":[],"product_cat":[35],"product_tag":[],"class_list":{"0":"post-40","1":"product","2":"type-product","3":"status-publish","4":"has-post-thumbnail","6":"product_cat-online-seminare","7":"entry","9":"first","10":"instock","11":"virtual","12":"taxable","13":"purchasable","14":"product-type-simple"},"yoast_head":"<!-- This site is optimized with the Yoast SEO plugin v25.2 - https:\/\/yoast.com\/wordpress\/plugins\/seo\/ -->\n<title>Online-Seminar Zeit- und Selbstmanagement<\/title>\n<meta name=\"robots\" content=\"index, follow, max-snippet:-1, max-image-preview:large, max-video-preview:-1\" \/>\n<link rel=\"canonical\" href=\"https:\/\/www.balancepunkte.de\/shop\/produkt\/zeit-und-selbstmanagement\/\" \/>\n<meta property=\"og:locale\" content=\"de_DE\" \/>\n<meta property=\"og:type\" content=\"article\" \/>\n<meta property=\"og:title\" content=\"Online-Seminar Zeit- und Selbstmanagement\" \/>\n<meta property=\"og:description\" content=\"Wir alle tr\u00e4umen von einem selbstbestimmten Leben. Erf\u00fcllt soll es sein, einen Sinn haben. Wir wollen das Beste aus unserer Zeit herausholen und auch Zeiten haben f\u00fcr Genuss und Faulenzertum. Und wovon \u2013 glaubst du \u2013 h\u00e4ngt es ab: Von unserem Umfeld, von den Umst\u00e4nden oder von deiner Entscheidung und deiner Interpretation von Situationen? &gt; MEHR ZU DEN INHALTEN ERFAHREN   Ich mag dich einladen, deinen Umgang mit deiner Zeit zu reflektieren. Wer lebt wen? Der Alltag dich oder du dein Leben? Finde heraus, wie du deine vielen Aufgaben managed und dabei immer noch Zeit und Mu\u00dfe findest f\u00fcr die Dinge und Menschen in deinem Leben, die dieses lebenswert machen. Es ist an der Zeit, dass du \u00fcber deine Zeit bestimmst!  Das geht nicht, sagst du? Weil du angestellt bist, Kinder hast, dich um deine Eltern k\u00fcmmerst und \u00fcberhaupt die Anderen deinen Tag bestimmen? Dann wird es Zeit, dass du Hand anlegst an deine Lebensplanung. Bitte verstehe mich richtig, dass hei\u00dft nicht, dass du nun jemanden im Stich l\u00e4sst \u2013 im Gegenteil. Vor allem aber darfst du ebenfalls in deinem Leben vorkommen!  Du denkst, Zeitmanagement ist nur etwas f\u00fcr F\u00fchrungskr\u00e4fte? Das sehe ich anders: was macht denn eine F\u00fchrungskraft aus? \u2013 Dass sie Personen anleitet, ihnen einen Rahmen gibt, Entscheidungen trifft \u2026 Und: machst du das nicht auch jeden einzelnen Tag? Entscheidest du nicht auch, ob und wof\u00fcr du deine Zeit und deine Ressourcen einsetzt? H\u00e4ufig denken wir, wir k\u00f6nnen ja nicht anders, weil die Situation eben so ist. Aber nein, du kannst und sollst sogar entscheiden, wie du deine Aufgaben priorisierst, sortierst, erledigst oder delegierst. Und das gilt doch f\u00fcr alle Lebensbereiche: nat\u00fcrlich im Job, aber auch im Haushalt, in der Sportgruppe oder bei der Wochenendplanung. Schau mal rein und lerne, deine Lebenszeit nach deinen Werten zu gestalten! Es lohnt sich\u2026   Vorschau-Video:  Die Seminarinhalte werden \u00fcber einzelne Videos und den dazugeh\u00f6rigen PDF-Dateien vermittelt. Die Zugangsdaten erh\u00e4lst Du nach dem Kauf bequem per E-Mail (Kostenloser Versand).\" \/>\n<meta property=\"og:url\" content=\"https:\/\/www.balancepunkte.de\/shop\/produkt\/zeit-und-selbstmanagement\/\" \/>\n<meta property=\"og:site_name\" content=\"Balancepunkte Claudia Heberling\" \/>\n<meta property=\"article:modified_time\" content=\"2023-04-01T13:12:12+00:00\" \/>\n<meta property=\"og:image\" content=\"https:\/\/www.balancepunkte.de\/shop\/wp-content\/uploads\/2023\/02\/claudia_heberling_seminar_01.jpg\" \/>\n\t<meta property=\"og:image:width\" content=\"1200\" \/>\n\t<meta property=\"og:image:height\" content=\"1200\" \/>\n\t<meta property=\"og:image:type\" content=\"image\/jpeg\" \/>\n<meta name=\"twitter:card\" content=\"summary_large_image\" \/>\n<script type=\"application\/ld+json\" class=\"yoast-schema-graph\">{\"@context\":\"https:\/\/schema.org\",\"@graph\":[{\"@type\":\"WebPage\",\"@id\":\"https:\/\/www.balancepunkte.de\/shop\/produkt\/zeit-und-selbstmanagement\/\",\"url\":\"https:\/\/www.balancepunkte.de\/shop\/produkt\/zeit-und-selbstmanagement\/\",\"name\":\"Online-Seminar Zeit- und Selbstmanagement\",\"isPartOf\":{\"@id\":\"https:\/\/www.balancepunkte.de\/shop\/#website\"},\"primaryImageOfPage\":{\"@id\":\"https:\/\/www.balancepunkte.de\/shop\/produkt\/zeit-und-selbstmanagement\/#primaryimage\"},\"image\":{\"@id\":\"https:\/\/www.balancepunkte.de\/shop\/produkt\/zeit-und-selbstmanagement\/#primaryimage\"},\"thumbnailUrl\":\"https:\/\/www.balancepunkte.de\/shop\/wp-content\/uploads\/2023\/02\/claudia_heberling_seminar_01.jpg\",\"datePublished\":\"2023-02-28T21:27:01+00:00\",\"dateModified\":\"2023-04-01T13:12:12+00:00\",\"breadcrumb\":{\"@id\":\"https:\/\/www.balancepunkte.de\/shop\/produkt\/zeit-und-selbstmanagement\/#breadcrumb\"},\"inLanguage\":\"de\",\"potentialAction\":[{\"@type\":\"ReadAction\",\"target\":[\"https:\/\/www.balancepunkte.de\/shop\/produkt\/zeit-und-selbstmanagement\/\"]}]},{\"@type\":\"ImageObject\",\"inLanguage\":\"de\",\"@id\":\"https:\/\/www.balancepunkte.de\/shop\/produkt\/zeit-und-selbstmanagement\/#primaryimage\",\"url\":\"https:\/\/www.balancepunkte.de\/shop\/wp-content\/uploads\/2023\/02\/claudia_heberling_seminar_01.jpg\",\"contentUrl\":\"https:\/\/www.balancepunkte.de\/shop\/wp-content\/uploads\/2023\/02\/claudia_heberling_seminar_01.jpg\",\"width\":1200,\"height\":1200},{\"@type\":\"BreadcrumbList\",\"@id\":\"https:\/\/www.balancepunkte.de\/shop\/produkt\/zeit-und-selbstmanagement\/#breadcrumb\",\"itemListElement\":[{\"@type\":\"ListItem\",\"position\":1,\"name\":\"Startseite\",\"item\":\"https:\/\/www.balancepunkte.de\/shop\/\"},{\"@type\":\"ListItem\",\"position\":2,\"name\":\"Shop\",\"item\":\"https:\/\/www.balancepunkte.de\/shop\/\"},{\"@type\":\"ListItem\",\"position\":3,\"name\":\"Online-Seminar Zeit- und Selbstmanagement\"}]},{\"@type\":\"WebSite\",\"@id\":\"https:\/\/www.balancepunkte.de\/shop\/#website\",\"url\":\"https:\/\/www.balancepunkte.de\/shop\/\",\"name\":\"Balancepunkte Claudia Heberling\",\"description\":\"\",\"potentialAction\":[{\"@type\":\"SearchAction\",\"target\":{\"@type\":\"EntryPoint\",\"urlTemplate\":\"https:\/\/www.balancepunkte.de\/shop\/?s={search_term_string}\"},\"query-input\":{\"@type\":\"PropertyValueSpecification\",\"valueRequired\":true,\"valueName\":\"search_term_string\"}}],\"inLanguage\":\"de\"}]}<\/script>\n<!-- \/ Yoast SEO plugin. -->","yoast_head_json":{"title":"Online-Seminar Zeit- und Selbstmanagement","robots":{"index":"index","follow":"follow","max-snippet":"max-snippet:-1","max-image-preview":"max-image-preview:large","max-video-preview":"max-video-preview:-1"},"canonical":"https:\/\/www.balancepunkte.de\/shop\/produkt\/zeit-und-selbstmanagement\/","og_locale":"de_DE","og_type":"article","og_title":"Online-Seminar Zeit- und Selbstmanagement","og_description":"Wir alle tr\u00e4umen von einem selbstbestimmten Leben. Erf\u00fcllt soll es sein, einen Sinn haben. Wir wollen das Beste aus unserer Zeit herausholen und auch Zeiten haben f\u00fcr Genuss und Faulenzertum. Und wovon \u2013 glaubst du \u2013 h\u00e4ngt es ab: Von unserem Umfeld, von den Umst\u00e4nden oder von deiner Entscheidung und deiner Interpretation von Situationen? &gt; MEHR ZU DEN INHALTEN ERFAHREN   Ich mag dich einladen, deinen Umgang mit deiner Zeit zu reflektieren. Wer lebt wen? Der Alltag dich oder du dein Leben? Finde heraus, wie du deine vielen Aufgaben managed und dabei immer noch Zeit und Mu\u00dfe findest f\u00fcr die Dinge und Menschen in deinem Leben, die dieses lebenswert machen. Es ist an der Zeit, dass du \u00fcber deine Zeit bestimmst!  Das geht nicht, sagst du? Weil du angestellt bist, Kinder hast, dich um deine Eltern k\u00fcmmerst und \u00fcberhaupt die Anderen deinen Tag bestimmen? Dann wird es Zeit, dass du Hand anlegst an deine Lebensplanung. Bitte verstehe mich richtig, dass hei\u00dft nicht, dass du nun jemanden im Stich l\u00e4sst \u2013 im Gegenteil. Vor allem aber darfst du ebenfalls in deinem Leben vorkommen!  Du denkst, Zeitmanagement ist nur etwas f\u00fcr F\u00fchrungskr\u00e4fte? Das sehe ich anders: was macht denn eine F\u00fchrungskraft aus? \u2013 Dass sie Personen anleitet, ihnen einen Rahmen gibt, Entscheidungen trifft \u2026 Und: machst du das nicht auch jeden einzelnen Tag? Entscheidest du nicht auch, ob und wof\u00fcr du deine Zeit und deine Ressourcen einsetzt? H\u00e4ufig denken wir, wir k\u00f6nnen ja nicht anders, weil die Situation eben so ist. Aber nein, du kannst und sollst sogar entscheiden, wie du deine Aufgaben priorisierst, sortierst, erledigst oder delegierst. Und das gilt doch f\u00fcr alle Lebensbereiche: nat\u00fcrlich im Job, aber auch im Haushalt, in der Sportgruppe oder bei der Wochenendplanung. Schau mal rein und lerne, deine Lebenszeit nach deinen Werten zu gestalten! Es lohnt sich\u2026   Vorschau-Video:  Die Seminarinhalte werden \u00fcber einzelne Videos und den dazugeh\u00f6rigen PDF-Dateien vermittelt. Die Zugangsdaten erh\u00e4lst Du nach dem Kauf bequem per E-Mail (Kostenloser Versand).","og_url":"https:\/\/www.balancepunkte.de\/shop\/produkt\/zeit-und-selbstmanagement\/","og_site_name":"Balancepunkte Claudia Heberling","article_modified_time":"2023-04-01T13:12:12+00:00","og_image":[{"width":1200,"height":1200,"url":"https:\/\/www.balancepunkte.de\/shop\/wp-content\/uploads\/2023\/02\/claudia_heberling_seminar_01.jpg","type":"image\/jpeg"}],"twitter_card":"summary_large_image","schema":{"@context":"https:\/\/schema.org","@graph":[{"@type":"WebPage","@id":"https:\/\/www.balancepunkte.de\/shop\/produkt\/zeit-und-selbstmanagement\/","url":"https:\/\/www.balancepunkte.de\/shop\/produkt\/zeit-und-selbstmanagement\/","name":"Online-Seminar Zeit- und Selbstmanagement","isPartOf":{"@id":"https:\/\/www.balancepunkte.de\/shop\/#website"},"primaryImageOfPage":{"@id":"https:\/\/www.balancepunkte.de\/shop\/produkt\/zeit-und-selbstmanagement\/#primaryimage"},"image":{"@id":"https:\/\/www.balancepunkte.de\/shop\/produkt\/zeit-und-selbstmanagement\/#primaryimage"},"thumbnailUrl":"https:\/\/www.balancepunkte.de\/shop\/wp-content\/uploads\/2023\/02\/claudia_heberling_seminar_01.jpg","datePublished":"2023-02-28T21:27:01+00:00","dateModified":"2023-04-01T13:12:12+00:00","breadcrumb":{"@id":"https:\/\/www.balancepunkte.de\/shop\/produkt\/zeit-und-selbstmanagement\/#breadcrumb"},"inLanguage":"de","potentialAction":[{"@type":"ReadAction","target":["https:\/\/www.balancepunkte.de\/shop\/produkt\/zeit-und-selbstmanagement\/"]}]},{"@type":"ImageObject","inLanguage":"de","@id":"https:\/\/www.balancepunkte.de\/shop\/produkt\/zeit-und-selbstmanagement\/#primaryimage","url":"https:\/\/www.balancepunkte.de\/shop\/wp-content\/uploads\/2023\/02\/claudia_heberling_seminar_01.jpg","contentUrl":"https:\/\/www.balancepunkte.de\/shop\/wp-content\/uploads\/2023\/02\/claudia_heberling_seminar_01.jpg","width":1200,"height":1200},{"@type":"BreadcrumbList","@id":"https:\/\/www.balancepunkte.de\/shop\/produkt\/zeit-und-selbstmanagement\/#breadcrumb","itemListElement":[{"@type":"ListItem","position":1,"name":"Startseite","item":"https:\/\/www.balancepunkte.de\/shop\/"},{"@type":"ListItem","position":2,"name":"Shop","item":"https:\/\/www.balancepunkte.de\/shop\/"},{"@type":"ListItem","position":3,"name":"Online-Seminar Zeit- und Selbstmanagement"}]},{"@type":"WebSite","@id":"https:\/\/www.balancepunkte.de\/shop\/#website","url":"https:\/\/www.balancepunkte.de\/shop\/","name":"Balancepunkte Claudia Heberling","description":"","potentialAction":[{"@type":"SearchAction","target":{"@type":"EntryPoint","urlTemplate":"https:\/\/www.balancepunkte.de\/shop\/?s={search_term_string}"},"query-input":{"@type":"PropertyValueSpecification","valueRequired":true,"valueName":"search_term_string"}}],"inLanguage":"de"}]}},"_links":{"self":[{"href":"https:\/\/www.balancepunkte.de\/shop\/wp-json\/wp\/v2\/product\/40","targetHints":{"allow":["GET"]}}],"collection":[{"href":"https:\/\/www.balancepunkte.de\/shop\/wp-json\/wp\/v2\/product"}],"about":[{"href":"https:\/\/www.balancepunkte.de\/shop\/wp-json\/wp\/v2\/types\/product"}],"wp:featuredmedia":[{"embeddable":true,"href":"https:\/\/www.balancepunkte.de\/shop\/wp-json\/wp\/v2\/media\/64"}],"wp:attachment":[{"href":"https:\/\/www.balancepunkte.de\/shop\/wp-json\/wp\/v2\/media?parent=40"}],"wp:term":[{"taxonomy":"product_brand","embeddable":true,"href":"https:\/\/www.balancepunkte.de\/shop\/wp-json\/wp\/v2\/product_brand?post=40"},{"taxonomy":"product_cat","embeddable":true,"href":"https:\/\/www.balancepunkte.de\/shop\/wp-json\/wp\/v2\/product_cat?post=40"},{"taxonomy":"product_tag","embeddable":true,"href":"https:\/\/www.balancepunkte.de\/shop\/wp-json\/wp\/v2\/product_tag?post=40"}],"curies":[{"name":"wp","href":"https:\/\/api.w.org\/{rel}","templated":true}]}}